{"id":8,"date":"2014-07-01T22:09:57","date_gmt":"2014-07-01T22:09:57","guid":{"rendered":"http:\/\/robertorobert.es\/wordpresswordpress\/?page_id=8"},"modified":"2020-02-24T10:52:15","modified_gmt":"2020-02-24T10:52:15","slug":"roberto-robert","status":"publish","type":"page","link":"http:\/\/robertorobert.es\/wordpress\/","title":{"rendered":"Roberto Robert"},"content":{"rendered":"\n<div class=\"wp-block-columns is-layout-flex wp-container-core-columns-is-layout-1 wp-block-columns-is-layout-flex\">\n<div class=\"wp-block-column is-layout-flow wp-block-column-is-layout-flow\" style=\"flex-basis:66.66%\">\n<p>Roberto Robert inici\u00f3 su andadura profesional en el sector del outsourcing de ventas en el a\u00f1o 1999. Form\u00f3 parte de la empresa de network marketing&nbsp;<strong> I@T<\/strong> perteneciente al grupo <strong>France Telecom.<\/strong> Su reconocido prestigio dentro de la firma, le llev\u00f3 a&nbsp; crear en el a\u00f1o 2002, un exitoso programa de sistema&nbsp; comercial. En 2004 fue contratado por una conocida compa\u00f1\u00eda de outsourcing de alta proyecci\u00f3n en el mercado donde consigui\u00f3 gran \u00e9xito profesional con su sistema de trabajo consiguiendo m\u00e1s de medio mill\u00f3n de clientes y m\u00e1s de 600 distribuidores en el periodo comprendido entre 2004 y 2011.<\/p>\n\n\n\n<p>En 2011 fund\u00f3 el grupo <strong>Exteam<\/strong> junto a <strong>Lluc Aguilar.<\/strong> En el a\u00f1o 2014, publica su primera novela <em><strong>\u201c Leones, Hienas y Corderos\u201d<\/strong><\/em> ambientada en el mundo del outsourcing de ventas.<\/p>\n<\/div>\n\n\n\n<div class=\"wp-block-column is-layout-flow wp-block-column-is-layout-flow\" style=\"flex-basis:33.33%\">\n<figure class=\"wp-block-image size-large\"><img loading=\"lazy\" decoding=\"async\" width=\"748\" height=\"1024\" src=\"http:\/\/robertorobert.es\/wordpress\/wp-content\/uploads\/2020\/02\/fotoRoberto-748x1024.jpg\" alt=\"\" class=\"wp-image-4311\" srcset=\"http:\/\/robertorobert.es\/wordpress\/wp-content\/uploads\/2020\/02\/fotoRoberto-748x1024.jpg 748w, http:\/\/robertorobert.es\/wordpress\/wp-content\/uploads\/2020\/02\/fotoRoberto-219x300.jpg 219w, http:\/\/robertorobert.es\/wordpress\/wp-content\/uploads\/2020\/02\/fotoRoberto-768x1052.jpg 768w, http:\/\/robertorobert.es\/wordpress\/wp-content\/uploads\/2020\/02\/fotoRoberto-1122x1536.jpg 1122w, http:\/\/robertorobert.es\/wordpress\/wp-content\/uploads\/2020\/02\/fotoRoberto.jpg 1248w\" sizes=\"(max-width: 706px) 89vw, (max-width: 767px) 82vw, 740px\" \/><\/figure>\n<\/div>\n<\/div>\n","protected":false},"excerpt":{"rendered":"<p>Roberto Robert inici\u00f3 su andadura profesional en el sector del outsourcing de ventas en el a\u00f1o 1999. Form\u00f3 parte de la empresa de network marketing&nbsp; I@T perteneciente al grupo France Telecom. Su reconocido prestigio dentro de la firma, le llev\u00f3 a&nbsp; crear en el a\u00f1o 2002, un exitoso programa de sistema&nbsp; comercial. En 2004 fue &hellip; <\/p>\n<p class=\"link-more\"><a href=\"http:\/\/robertorobert.es\/wordpress\/\" class=\"more-link\">Continuar leyendo<span class=\"screen-reader-text\"> \u00abRoberto Robert\u00bb<\/span><\/a><\/p>\n","protected":false},"author":3,"featured_media":0,"parent":0,"menu_order":0,"comment_status":"closed","ping_status":"closed","template":"","meta":{"footnotes":""},"_links":{"self":[{"href":"http:\/\/robertorobert.es\/wordpress\/wp-json\/wp\/v2\/pages\/8"}],"collection":[{"href":"http:\/\/robertorobert.es\/wordpress\/wp-json\/wp\/v2\/pages"}],"about":[{"href":"http:\/\/robertorobert.es\/wordpress\/wp-json\/wp\/v2\/types\/page"}],"author":[{"embeddable":true,"href":"http:\/\/robertorobert.es\/wordpress\/wp-json\/wp\/v2\/users\/3"}],"replies":[{"embeddable":true,"href":"http:\/\/robertorobert.es\/wordpress\/wp-json\/wp\/v2\/comments?post=8"}],"version-history":[{"count":34,"href":"http:\/\/robertorobert.es\/wordpress\/wp-json\/wp\/v2\/pages\/8\/revisions"}],"predecessor-version":[{"id":4312,"href":"http:\/\/robertorobert.es\/wordpress\/wp-json\/wp\/v2\/pages\/8\/revisions\/4312"}],"wp:attachment":[{"href":"http:\/\/robertorobert.es\/wordpress\/wp-json\/wp\/v2\/media?parent=8"}],"curies":[{"name":"wp","href":"https:\/\/api.w.org\/{rel}","templated":true}]}}